{"id":1,"date":"2019-09-05T08:43:56","date_gmt":"2019-09-05T08:43:56","guid":{"rendered":"http:\/\/www.tkt-seancesscolaires.be\/?p=1"},"modified":"2025-11-07T11:01:13","modified_gmt":"2025-11-07T11:01:13","slug":"home","status":"publish","type":"page","link":"https:\/\/www.seancesscolaires.be\/tkt\/","title":{"rendered":"Home"},"content":{"rendered":"<p><video src=\"\/tkt\/wp-content\/uploads\/2024\/09\/tkt_message_solangecicurel.mp4\" poster=\"\"><\/video><\/p>\n<ul>\n<li>\n<h3>Date de sortie :<\/h3>\n<p>09\/10\/2024<\/p>\n<\/li>\n<li>\n<h3>Titre du film :<\/h3>\n<p>TKT<\/p>\n<\/li>\n<li>\n<h3>Distributeur :<\/h3>\n<p>Beluga Tree<\/p>\n<\/li>\n<li>\n<h3>Genre :<\/h3>\n<p>Com\u00e9die dramatique<\/p>\n<\/li>\n<li>\n<h3>R\u00e9alisateur :<\/h3>\n<p>Solange Cicurel<\/p>\n<\/li>\n<li>\n<h3>Acteurs :<\/h3>\n<p>Lanna de Palmaert, Emilie Dequenne, St\u00e9phane De Groodt, Lily Dupont, Tania Garbarski<\/p>\n<\/li>\n<li>\n<h3>Dur\u00e9e :<\/h3>\n<p>90 min<\/p>\n<\/li>\n<li>\n<h3>Format :<\/h3>\n<p>Scope (ratio 2:1)<\/p>\n<\/li>\n<li>\n<h3>Pays :<\/h3>\n<p>Belgique, Luxembourg<\/p>\n<\/li>\n<li>\n<h3>Langues disponibles :<\/h3>\n<p>VF, VF sous-titr\u00e9 NL<\/p>\n<\/li>\n<\/ul>\n<h1>Synopsis<\/h1>\n<div>\n<p>Alors qu&#8217;Emma, 16 ans, est admise dans l&#8217;unit\u00e9 de soins intensifs de l&#8217;h\u00f4pital, ses parents attendent anxieusement des nouvelles du m\u00e9decin.<\/p>\n<p>\u00c9trangement, Emma est pleinement consciente du monde qui l\u2019entoure mais incapable de communiquer avec lui. Pour comprendre ce qui se passe, Emma doit enqu\u00eater sur son pass\u00e9 et d\u00e9m\u00ealer le myst\u00e8re entourant sa soudaine hospitalisation. Petit \u00e0 petit, elle va \u00eatre confront\u00e9e \u00e0 la dure r\u00e9alit\u00e9 de ce qui lui est arriv\u00e9.<\/p>\n<\/div>\n<p><video src=\"\/tkt\/wp-content\/uploads\/2024\/09\/tkt_trailer.mp4\" poster=\"\/tkt\/wp-content\/uploads\/2024\/09\/tkt_vignette_trailer.jpg\"><\/video><\/p>\n<h2>Plus d&#8217;informations, <br class=\"uk-visible@s\" \/>r\u00e9servation<\/h2>\n<ul>\n<li>\n<p><img decoding=\"async\" src=\"\/tkt\/wp-content\/uploads\/yootheme\/icon-video-calls.svg\" alt=\"\"><\/p>\n<div>R\u00e9servez<\/div>\n<p>Votre s\u00e9ance scolaire<\/p>\n<div>Chosisissez votre cin\u00e9ma et votre horaire<\/div>\n<p><a href=\"\/tkt\/seances-scolaires\/\"><\/a><\/p>\n<\/li>\n<li>\n<p><img decoding=\"async\" src=\"\/tkt\/wp-content\/uploads\/yootheme\/icon-download.svg\" alt=\"\"><\/p>\n<div>T\u00e9l\u00e9chargement<\/div>\n<p>Dossier de presse<\/p>\n<div>Dossier, photos, Trailer, &#8230;<\/div>\n<p><a href=\"\/tkt\/dossier-presse\/\"><\/a><\/p>\n<\/li>\n<li>\n<p><img decoding=\"async\" src=\"\/tkt\/wp-content\/uploads\/yootheme\/icon-technology.svg\" alt=\"\"><\/p>\n<div>T\u00e9l\u00e9chargement<\/div>\n<p>Dossier p\u00e9dagogique<\/p>\n<div>Toutes les infos pour pr\u00e9parer votre s\u00e9ance<\/div>\n<p><a href=\"\/tkt\/dossier-pedagogique\/\"><\/a><\/p>\n<\/li>\n<li>\n<p><img decoding=\"async\" src=\"\/tkt\/wp-content\/uploads\/yootheme\/icon-heart.svg\" alt=\"\"><\/p>\n<div>Informez-vous<\/div>\n<p>Liens utiles<\/p>\n<div>Les num\u00e9ros et adresses utiles <\/div>\n<p><a href=\"\/tkt\/liens-contacts-utiles\/\"><\/a><\/p>\n<\/li>\n<\/ul>\n<p><!--more--><br \/>\n<!-- {\"type\":\"layout\",\"children\":[{\"type\":\"section\",\"props\":{\"animation\":\"slide-bottom-small\",\"header_transparent\":true,\"header_transparent_noplaceholder\":true,\"header_transparent_text_color\":\"light\",\"image\":\"wp-content\\\/uploads\\\/yootheme\\\/hero-bg.svg\",\"image_position\":\"bottom-center\",\"image_size\":\"cover\",\"padding\":\"xlarge\",\"padding_remove_bottom\":true,\"style\":\"default\",\"title_breakpoint\":\"xl\",\"title_position\":\"top-left\",\"title_rotation\":\"left\",\"vertical_align\":\"\",\"width\":\"default\"},\"children\":[{\"type\":\"row\",\"children\":[{\"type\":\"column\",\"props\":{\"image_position\":\"center-center\",\"position_sticky_breakpoint\":\"m\"},\"children\":[{\"type\":\"video\",\"props\":{\"margin\":\"default\",\"video\":\"wp-content\\\/uploads\\\/2024\\\/09\\\/tkt_message_solangecicurel.mp4\",\"video_box_decoration\":\"primary\",\"video_controls\":true}}]}],\"props\":{\"width\":\"small\"}}],\"name\":\"Message\"},{\"type\":\"section\",\"props\":{\"image_position\":\"center-center\",\"style\":\"default\",\"title_breakpoint\":\"xl\",\"title_position\":\"top-left\",\"title_rotation\":\"left\",\"vertical_align\":\"middle\",\"width\":\"default\"},\"children\":[{\"type\":\"row\",\"props\":{\"divider\":true,\"layout\":\"1-3,2-3\",\"row_gap\":\"large\"},\"children\":[{\"type\":\"column\",\"props\":{\"image_position\":\"center-center\",\"position_sticky_breakpoint\":\"m\",\"style\":\"card-default\",\"width_medium\":\"1-3\"},\"children\":[{\"type\":\"description_list\",\"props\":{\"column_breakpoint\":\"m\",\"layout\":\"grid-2\",\"list_element\":\"ul\",\"meta_align\":\"below-content\",\"meta_style\":\"text-meta\",\"show_content\":true,\"show_link\":true,\"show_meta\":true,\"show_title\":true,\"title_element\":\"div\",\"title_grid_column_gap\":\"small\",\"title_grid_row_gap\":\"small\",\"title_grid_width\":\"auto\"},\"children\":[{\"type\":\"description_list_item\",\"props\":{\"content\":\"\",\"meta\":\"09\\\/10\\\/2024\",\"title\":\"Date de sortie :\"}},{\"type\":\"description_list_item\",\"props\":{\"content\":\"\",\"meta\":\"TKT\",\"title\":\"Titre du film :\"}},{\"type\":\"description_list_item\",\"props\":{\"content\":\"\",\"meta\":\"Beluga Tree\",\"title\":\"Distributeur :\"}},{\"type\":\"description_list_item\",\"props\":{\"content\":\"\",\"meta\":\"Com\\u00e9die dramatique\",\"title\":\"Genre :\"}},{\"type\":\"description_list_item\",\"props\":{\"content\":\"\",\"meta\":\"Solange Cicurel\",\"title\":\"R\\u00e9alisateur :\"}},{\"type\":\"description_list_item\",\"props\":{\"content\":\"\",\"meta\":\"Lanna de Palmaert, Emilie Dequenne, St\\u00e9phane De Groodt, Lily Dupont, Tania Garbarski\",\"title\":\"Acteurs :\"}},{\"type\":\"description_list_item\",\"props\":{\"meta\":\"90 min\",\"title\":\"Dur\\u00e9e :\"}},{\"type\":\"description_list_item\",\"props\":{\"meta\":\"Scope (ratio 2:1)\",\"title\":\"Format :\"}},{\"type\":\"description_list_item\",\"props\":{\"content\":\"\",\"meta\":\"Belgique, Luxembourg\",\"title\":\"Pays :\"}},{\"type\":\"description_list_item\",\"props\":{\"content\":\"\",\"meta\":\"VF, VF sous-titr\\u00e9 NL\",\"title\":\"Langues disponibles :\"}}]}]},{\"type\":\"column\",\"props\":{\"image_position\":\"center-center\",\"position_sticky_breakpoint\":\"m\",\"style\":\"card-primary\",\"vertical_align\":\"middle\",\"width_medium\":\"2-3\"},\"children\":[{\"type\":\"headline\",\"props\":{\"content\":\"Synopsis\",\"title_element\":\"h1\"}},{\"type\":\"text\",\"props\":{\"column_breakpoint\":\"m\",\"content\":\"\n\n<p>Alors qu'Emma, 16 ans, est admise dans l'unit\\u00e9 de soins intensifs de l'h\\u00f4pital, ses parents attendent anxieusement des nouvelles du m\\u00e9decin.<\\\/p>\\n\n\n<p>\\u00c9trangement, Emma est pleinement consciente du monde qui l\\u2019entoure mais incapable de communiquer avec lui. Pour comprendre ce qui se passe, Emma doit enqu\\u00eater sur son pass\\u00e9 et d\\u00e9m\\u00ealer le myst\\u00e8re entourant sa soudaine hospitalisation. Petit \\u00e0 petit, elle va \\u00eatre confront\\u00e9e \\u00e0 la dure r\\u00e9alit\\u00e9 de ce qui lui est arriv\\u00e9.<\\\/p>\",\"margin\":\"default\"}}]}]}],\"name\":\"Fiche\\\/synopsis\"},{\"type\":\"section\",\"props\":{\"animation\":\"slide-bottom-small\",\"header_transparent\":true,\"header_transparent_noplaceholder\":true,\"header_transparent_text_color\":\"light\",\"image\":\"wp-content\\\/uploads\\\/yootheme\\\/hero-bg.svg\",\"image_position\":\"bottom-center\",\"image_size\":\"cover\",\"padding\":\"xlarge\",\"padding_remove_bottom\":true,\"padding_remove_top\":true,\"style\":\"default\",\"title_breakpoint\":\"xl\",\"title_position\":\"top-left\",\"title_rotation\":\"left\",\"vertical_align\":\"\",\"width\":\"default\"},\"children\":[{\"type\":\"row\",\"children\":[{\"type\":\"column\",\"props\":{\"image_position\":\"center-center\",\"position_sticky_breakpoint\":\"m\"},\"children\":[{\"type\":\"video\",\"props\":{\"margin\":\"default\",\"video\":\"wp-content\\\/uploads\\\/2024\\\/09\\\/tkt_trailer.mp4\",\"video_box_decoration\":\"primary\",\"video_controls\":true,\"video_poster\":\"wp-content\\\/uploads\\\/2024\\\/09\\\/tkt_vignette_trailer.jpg\",\"video_width\":\"2560\"}}]}],\"props\":{\"width\":\"small\"}}],\"name\":\"Trailer\"},{\"type\":\"section\",\"props\":{\"image_position\":\"center-center\",\"padding\":\"large\",\"padding_remove_bottom\":true,\"padding_remove_top\":false,\"style\":\"default\",\"title_breakpoint\":\"xl\",\"title_position\":\"top-left\",\"title_rotation\":\"left\",\"vertical_align\":\"\",\"width\":\"small\"},\"children\":[{\"type\":\"row\",\"children\":[{\"type\":\"column\",\"props\":{\"image_position\":\"center-center\",\"position_sticky_breakpoint\":\"m\"},\"children\":[{\"type\":\"headline\",\"props\":{\"content\":\"Plus d'informations, <br class=\\\"uk-visible@s\\\" \\\/>r\\u00e9servation\",\"text_align\":\"center\",\"title_element\":\"h2\"}},{\"type\":\"grid\",\"props\":{\"content_column_breakpoint\":\"m\",\"filter_align\":\"left\",\"filter_all\":true,\"filter_grid_breakpoint\":\"m\",\"filter_grid_width\":\"auto\",\"filter_position\":\"top\",\"filter_style\":\"tab\",\"grid_column_gap\":\"small\",\"grid_default\":\"1\",\"grid_medium\":\"\",\"grid_small\":\"4\",\"icon_width\":80,\"image_align\":\"between\",\"image_grid_breakpoint\":\"m\",\"image_grid_width\":\"1-2\",\"image_height\":\"80\",\"image_margin\":\"medium\",\"image_svg_color\":\"emphasis\",\"image_width\":\"80\",\"item_animation\":true,\"link_margin\":\"medium\",\"link_style\":\"link-text\",\"link_text\":\"\",\"margin\":\"large\",\"margin_remove_bottom\":true,\"meta_align\":\"above-content\",\"meta_element\":\"h3\",\"meta_margin\":\"medium\",\"meta_style\":\"h5\",\"panel_link\":true,\"panel_padding\":\"default\",\"panel_style\":\"card-hover\",\"parallax_easing\":\"1\",\"position\":\"relative\",\"position_z_index\":\"1\",\"show_content\":true,\"show_image\":true,\"show_link\":true,\"show_meta\":true,\"show_title\":true,\"text_align\":\"center\",\"title_align\":\"top\",\"title_element\":\"div\",\"title_grid_breakpoint\":\"m\",\"title_grid_width\":\"1-2\",\"title_hover_style\":\"reset\",\"title_style\":\"h6\"},\"children\":[{\"type\":\"grid_item\",\"props\":{\"content\":\"Chosisissez votre cin\\u00e9ma et votre horaire\",\"image\":\"wp-content\\\/uploads\\\/yootheme\\\/icon-video-calls.svg\",\"link\":\"seances-scolaires\\\/\",\"meta\":\"Votre s\\u00e9ance scolaire\",\"title\":\"R\\u00e9servez\"}},{\"type\":\"grid_item\",\"props\":{\"content\":\"Dossier, photos, Trailer, ...\",\"image\":\"wp-content\\\/uploads\\\/yootheme\\\/icon-download.svg\",\"link\":\"dossier-presse\\\/\",\"meta\":\"Dossier de presse\",\"title\":\"T\\u00e9l\\u00e9chargement\"}},{\"type\":\"grid_item\",\"props\":{\"content\":\"Toutes les infos pour pr\\u00e9parer votre s\\u00e9ance\",\"image\":\"wp-content\\\/uploads\\\/yootheme\\\/icon-technology.svg\",\"link\":\"dossier-pedagogique\\\/\",\"meta\":\"Dossier p\\u00e9dagogique\",\"title\":\"T\\u00e9l\\u00e9chargement\"}},{\"type\":\"grid_item\",\"props\":{\"content\":\"Les num\\u00e9ros et adresses utiles \",\"image\":\"wp-content\\\/uploads\\\/yootheme\\\/icon-heart.svg\",\"link\":\"liens-contacts-utiles\\\/\",\"meta\":\"Liens utiles\",\"title\":\"Informez-vous\"}}]}]}]}],\"name\":\"Menu secondaire\"}],\"version\":\"4.4.12\"} --><\/p>\n","protected":false},"excerpt":{"rendered":"<p>Date de sortie : 09\/10\/2024 Titre du film : TKT Distributeur : Beluga Tree Genre : Com\u00e9die dramatique R\u00e9alisateur : Solange Cicurel Acteurs : Lanna de Palmaert, Emilie Dequenne, St\u00e9phane De Groodt, Lily Dupont, Tania Garbarski Dur\u00e9e : 90 min Format : Scope (ratio 2:1) Pays : Belgique, Luxembourg Langues disponibles : VF, VF sous-titr\u00e9 [&hellip;]<\/p>\n","protected":false},"author":1,"featured_media":0,"parent":0,"menu_order":11,"comment_status":"open","ping_status":"open","template":"","meta":{"_acf_changed":false,"footnotes":""},"class_list":["post-1","page","type-page","status-publish","hentry"],"acf":[],"_links":{"self":[{"href":"https:\/\/www.seancesscolaires.be\/tkt\/wp-json\/wp\/v2\/pages\/1","targetHints":{"allow":["GET"]}}],"collection":[{"href":"https:\/\/www.seancesscolaires.be\/tkt\/wp-json\/wp\/v2\/pages"}],"about":[{"href":"https:\/\/www.seancesscolaires.be\/tkt\/wp-json\/wp\/v2\/types\/page"}],"author":[{"embeddable":true,"href":"https:\/\/www.seancesscolaires.be\/tkt\/wp-json\/wp\/v2\/users\/1"}],"replies":[{"embeddable":true,"href":"https:\/\/www.seancesscolaires.be\/tkt\/wp-json\/wp\/v2\/comments?post=1"}],"version-history":[{"count":42,"href":"https:\/\/www.seancesscolaires.be\/tkt\/wp-json\/wp\/v2\/pages\/1\/revisions"}],"predecessor-version":[{"id":2581,"href":"https:\/\/www.seancesscolaires.be\/tkt\/wp-json\/wp\/v2\/pages\/1\/revisions\/2581"}],"wp:attachment":[{"href":"https:\/\/www.seancesscolaires.be\/tkt\/wp-json\/wp\/v2\/media?parent=1"}],"curies":[{"name":"wp","href":"https:\/\/api.w.org\/{rel}","templated":true}]}}