{"id":19,"date":"2021-08-03T11:32:51","date_gmt":"2021-08-03T11:32:51","guid":{"rendered":"http:\/\/www.tkt-seancesscolaires.be\/?p=19"},"modified":"2024-09-20T10:08:50","modified_gmt":"2024-09-20T10:08:50","slug":"seances-scolaires","status":"publish","type":"page","link":"https:\/\/www.seancesscolaires.be\/tkt\/seances-scolaires\/","title":{"rendered":"S\u00e9ances scolaires"},"content":{"rendered":"<h1>R\u00e9servez <br class=\"uk-visible@s\">votre s\u00e9ance<\/h1>\n<div>Choisissez la date et le cin\u00e9ma,<br class=\"uk-visible@m\"> votre r\u00e9servation sera valid\u00e9e par retour de mail.<\/div>\n<ul>\n<li>\n        <a href=\"\/wp-content\/uploads\/2024\/09\/tkt_dossier_pedagogique_intro_new.pdf\">Dossier p\u00e9dagogique &#8211; Intro<\/a>\n    <\/li>\n<li>\n        <a href=\"\/dossier-pedagogique\/#seance-prof\">Visionnez le film avant de r\u00e9server vos s\u00e9ances scolaires<\/a>\n    <\/li>\n<\/ul>\n<p><img decoding=\"async\" src=\"\/wp-content\/uploads\/2024\/09\/tkt_img2.jpg\" alt=\"\"><br \/>\n<img decoding=\"async\" src=\"\/wp-content\/uploads\/2024\/09\/tkt_img4.jpg\" alt=\"\"><br \/>\n<img decoding=\"async\" src=\"\/wp-content\/uploads\/2024\/09\/tkt_img1.jpg\" alt=\"\"><br \/>\n<img decoding=\"async\" src=\"\/wp-content\/uploads\/yootheme\/swirl-bg.svg\" alt=\"\"><br \/>\n<img decoding=\"async\" src=\"\/wp-content\/uploads\/2024\/09\/tkt_img3.jpg\" alt=\"\"><br \/>\n<img decoding=\"async\" src=\"\/wp-content\/uploads\/2024\/09\/tkt_img6.jpg\" alt=\"\"><\/p>\n<div><style id=\"wpforms-css-vars-2284\">\n\t\t\t\t#wpforms-2284 {\n\t\t\t\t--wpforms-field-size-input-height: 43px;\n--wpforms-field-size-input-spacing: 15px;\n--wpforms-field-size-font-size: 16px;\n--wpforms-field-size-line-height: 19px;\n--wpforms-field-size-padding-h: 14px;\n--wpforms-field-size-checkbox-size: 16px;\n--wpforms-field-size-sublabel-spacing: 5px;\n--wpforms-field-size-icon-size: 1;\n--wpforms-label-size-font-size: 16px;\n--wpforms-label-size-line-height: 19px;\n--wpforms-label-size-sublabel-font-size: 14px;\n--wpforms-label-size-sublabel-line-height: 17px;\n--wpforms-button-size-font-size: 17px;\n--wpforms-button-size-height: 41px;\n--wpforms-button-size-padding-h: 15px;\n--wpforms-button-size-margin-top: 10px;\n--wpforms-container-shadow-size-box-shadow: none;\n\t\t\t}\n\t\t\t<\/style><div class=\"wpforms-container wpforms-container-full wpforms-render-modern\" id=\"wpforms-2284\"><form id=\"wpforms-form-2284\" class=\"wpforms-validate wpforms-form wpforms-ajax-form\" data-formid=\"2284\" method=\"post\" enctype=\"multipart\/form-data\" action=\"\/tkt\/wp-json\/wp\/v2\/pages\/19\" data-token=\"d3425935d5319e7296f22558a3271761\" data-token-time=\"1776028410\"><noscript class=\"wpforms-error-noscript\">Veuillez activer JavaScript dans votre navigateur pour remplir ce formulaire.<\/noscript><div id=\"wpforms-error-noscript\" style=\"display: none;\">Veuillez activer JavaScript dans votre navigateur pour remplir ce formulaire.<\/div><div class=\"wpforms-field-container\"><div id=\"wpforms-2284-field_9-container\" class=\"wpforms-field wpforms-field-text\" data-field-id=\"9\"><label class=\"wpforms-field-label\" for=\"wpforms-2284-field_9\">Nom de l&#039;\u00e9cole <span class=\"wpforms-required-label\" aria-hidden=\"true\">*<\/span><\/label><input type=\"text\" id=\"wpforms-2284-field_9\" class=\"wpforms-field-medium wpforms-field-required\" name=\"wpforms[fields][9]\" aria-errormessage=\"wpforms-2284-field_9-error\" required><\/div><div id=\"wpforms-2284-field_1-container\" class=\"wpforms-field wpforms-field-name\" data-field-id=\"1\"><fieldset><legend class=\"wpforms-field-label\">Coordonn\u00e9es du responsable <span class=\"wpforms-required-label\" aria-hidden=\"true\">*<\/span><\/legend><div class=\"wpforms-field-row wpforms-field-medium\"><div class=\"wpforms-field-row-block wpforms-first wpforms-one-half\"><input type=\"text\" id=\"wpforms-2284-field_1\" class=\"wpforms-field-name-first wpforms-field-required\" name=\"wpforms[fields][1][first]\" aria-errormessage=\"wpforms-2284-field_1-error\" required><label for=\"wpforms-2284-field_1\" class=\"wpforms-field-sublabel after\">Pr\u00e9nom<\/label><\/div><div class=\"wpforms-field-row-block wpforms-one-half\"><input type=\"text\" id=\"wpforms-2284-field_1-last\" class=\"wpforms-field-name-last wpforms-field-required\" name=\"wpforms[fields][1][last]\" aria-errormessage=\"wpforms-2284-field_1-last-error\" required><label for=\"wpforms-2284-field_1-last\" class=\"wpforms-field-sublabel after\">Nom<\/label><\/div><\/div><\/fieldset><\/div>\t\t<div id=\"wpforms-2284-field_2-container\"\n\t\t\tclass=\"wpforms-field wpforms-field-text\"\n\t\t\tdata-field-type=\"text\"\n\t\t\tdata-field-id=\"2\"\n\t\t\t>\n\t\t\t<label class=\"wpforms-field-label\" for=\"wpforms-2284-field_2\" > Date cin\u00e9ma<\/label>\n\t\t\t<input type=\"text\" id=\"wpforms-2284-field_2\" class=\"wpforms-field-medium\" name=\"wpforms[fields][2]\" >\n\t\t<\/div>\n\t\t<div id=\"wpforms-2284-field_8-container\" class=\"wpforms-field wpforms-field-email\" data-field-id=\"8\"><label class=\"wpforms-field-label\" for=\"wpforms-2284-field_8\">Email <span class=\"wpforms-required-label\" aria-hidden=\"true\">*<\/span><\/label><input type=\"email\" id=\"wpforms-2284-field_8\" class=\"wpforms-field-medium wpforms-field-required\" name=\"wpforms[fields][8]\" spellcheck=\"false\" aria-errormessage=\"wpforms-2284-field_8-error\" required><\/div><div id=\"wpforms-2284-field_14-container\" class=\"wpforms-field wpforms-field-text\" data-field-id=\"14\"><label class=\"wpforms-field-label\" for=\"wpforms-2284-field_14\">Choix du cin\u00e9ma  <span class=\"wpforms-required-label\" aria-hidden=\"true\">*<\/span><\/label><input type=\"text\" id=\"wpforms-2284-field_14\" class=\"wpforms-field-medium wpforms-field-required\" name=\"wpforms[fields][14]\" aria-errormessage=\"wpforms-2284-field_14-error\" required><\/div><div id=\"wpforms-2284-field_11-container\" class=\"wpforms-field wpforms-field-date-time\" data-field-id=\"11\"><label class=\"wpforms-field-label\" for=\"wpforms-2284-field_11\">Date  <span class=\"wpforms-required-label\" aria-hidden=\"true\">*<\/span><\/label><div class=\"wpforms-datepicker-wrap\"><input type=\"text\" id=\"wpforms-2284-field_11\" class=\"wpforms-field-date-time-date wpforms-datepicker wpforms-field-required wpforms-field-medium\" data-date-format=\"d\/m\/Y\" data-disable-past-dates=\"1\" data-disable-todays-date=\"0\" data-input=\"true\" name=\"wpforms[fields][11][date]\" aria-errormessage=\"wpforms-2284-field_11-error\" required><a title=\"Effacer la date\" data-clear role=\"button\" tabindex=\"0\" class=\"wpforms-datepicker-clear\" aria-label=\"Effacer la date\" style=\"display:none;\"><\/a><\/div><\/div><div id=\"wpforms-2284-field_13-container\" class=\"wpforms-field wpforms-field-number\" data-field-id=\"13\"><label class=\"wpforms-field-label\" for=\"wpforms-2284-field_13\">Nombre d&#039;\u00e9l\u00e8ves <span class=\"wpforms-required-label\" aria-hidden=\"true\">*<\/span><\/label><input type=\"number\" id=\"wpforms-2284-field_13\" class=\"wpforms-field-medium wpforms-field-required\" name=\"wpforms[fields][13]\" step=\"any\" aria-errormessage=\"wpforms-2284-field_13-error\" required><\/div><div id=\"wpforms-2284-field_7-container\" class=\"wpforms-field wpforms-field-textarea\" data-field-id=\"7\"><label class=\"wpforms-field-label\" for=\"wpforms-2284-field_7\">Question ou commentaire<\/label><textarea id=\"wpforms-2284-field_7\" class=\"wpforms-field-medium\" name=\"wpforms[fields][7]\" aria-errormessage=\"wpforms-2284-field_7-error\" ><\/textarea><\/div><script>\n\t\t\t\t( function() {\n\t\t\t\t\tconst style = document.createElement( 'style' );\n\t\t\t\t\tstyle.appendChild( document.createTextNode( '#wpforms-2284-field_2-container { position: absolute !important; overflow: hidden !important; display: inline !important; height: 1px !important; width: 1px !important; z-index: -1000 !important; padding: 0 !important; } #wpforms-2284-field_2-container input { visibility: hidden; } #wpforms-conversational-form-page #wpforms-2284-field_2-container label { counter-increment: none; }' ) );\n\t\t\t\t\tdocument.head.appendChild( style );\n\t\t\t\t\tdocument.currentScript?.remove();\n\t\t\t\t} )();\n\t\t\t<\/script><\/div><!-- .wpforms-field-container --><div class=\"wpforms-submit-container\" ><input type=\"hidden\" name=\"wpforms[id]\" value=\"2284\"><input type=\"hidden\" name=\"page_title\" value=\"\"><input type=\"hidden\" name=\"page_url\" value=\"https:\/\/www.seancesscolaires.be\/tkt\/wp-json\/wp\/v2\/pages\/19\"><input type=\"hidden\" name=\"url_referer\" value=\"\"><button type=\"submit\" name=\"wpforms[submit]\" id=\"wpforms-submit-2284\" class=\"wpforms-submit el-content uk-button uk-button-default\" data-alt-text=\"En cours d&#039;envoi ...\" data-submit-text=\"Envoyer\" aria-live=\"assertive\" value=\"wpforms-submit\">Envoyer<\/button><img loading=\"lazy\" decoding=\"async\" src=\"https:\/\/www.seancesscolaires.be\/tkt\/wp-content\/plugins\/wpforms\/assets\/images\/submit-spin.svg\" class=\"wpforms-submit-spinner\" style=\"display: none;\" width=\"26\" height=\"26\" alt=\"Chargement en cours\"><\/div><\/form><\/div>  <!-- .wpforms-container --><\/div>\n<p><!--more--><br \/>\n<!-- {\"type\":\"layout\",\"children\":[{\"type\":\"section\",\"props\":{\"image_position\":\"center-center\",\"padding_remove_bottom\":true,\"style\":\"default\",\"title_breakpoint\":\"xl\",\"title_position\":\"top-left\",\"title_rotation\":\"left\",\"vertical_align\":\"\",\"width\":\"large\"},\"children\":[{\"type\":\"row\",\"children\":[{\"type\":\"column\",\"props\":{\"image_position\":\"center-center\",\"position_sticky_breakpoint\":\"m\"},\"children\":[{\"type\":\"headline\",\"props\":{\"content\":\"R\\u00e9servez <br class=\\\"uk-visible@s\\\">votre s\\u00e9ance\",\"margin\":\"medium\",\"position\":\"relative\",\"position_z_index\":\"1\",\"text_align\":\"center\",\"title_element\":\"h1\",\"title_style\":\"heading-medium\"}},{\"type\":\"text\",\"props\":{\"block_align\":\"center\",\"column_breakpoint\":\"m\",\"content\":\"Choisissez la date et le cin\\u00e9ma,<br class=\\\"uk-visible@m\\\"> votre r\\u00e9servation sera valid\\u00e9e par retour de mail.\",\"margin\":\"\",\"maxwidth\":\"2xlarge\",\"position\":\"relative\",\"position_z_index\":\"1\",\"text_align\":\"center\",\"text_style\":\"large\"}},{\"type\":\"button\",\"props\":{\"grid_column_gap\":\"small\",\"grid_row_gap\":\"small\",\"margin\":\"medium\",\"margin_remove_bottom\":false,\"position\":\"relative\",\"position_z_index\":\"1\",\"text_align\":\"center\"},\"children\":[{\"type\":\"button_item\",\"props\":{\"button_style\":\"primary\",\"content\":\"Dossier p\\u00e9dagogique - Intro\",\"icon\":\"\",\"icon_align\":\"left\",\"link\":\"wp-content\\\/uploads\\\/2024\\\/09\\\/tkt_dossier_pedagogique_intro_new.pdf\",\"link_target\":\"blank\"}},{\"type\":\"button_item\",\"props\":{\"button_style\":\"default\",\"content\":\"Visionnez le film avant de r\\u00e9server vos s\\u00e9ances scolaires\",\"icon_align\":\"left\",\"link\":\"dossier-pedagogique\\\/#seance-prof\"}}]}]}]},{\"type\":\"row\",\"props\":{\"column_gap\":\"small\",\"css\":\".el-row {\\n\\theight: 150vh;\\n    margin-bottom: 15vh !important;\\n}\\t\",\"layout\":\"1-5,1-5,1-5,1-5,1-5|1-2,1-2,1-3,1-3,1-3\",\"margin\":\"xlarge\",\"margin_remove_bottom\":true},\"children\":[{\"type\":\"column\",\"props\":{\"image_position\":\"center-center\",\"padding\":\"none\",\"position_sticky\":\"row\",\"position_sticky_breakpoint\":\"\",\"position_sticky_offset\":\"50vh - 50%\",\"width_default\":\"expand\",\"width_large\":\"1-5\"},\"children\":[{\"type\":\"image\",\"props\":{\"animation\":\"parallax\",\"css\":\".el-image {\\n    backdrop-filter: blur(7px);\\n    -webkit-backdrop-filter: blur(7px);\\n    border-radius: 16px;\\n}\\n\\n@media(min-width: 640px) and (max-width: 1299px) {\\n    .el-image { border-radius: 24px; }\\n}\\n\\n@media (min-width: 1300px) {\\n    .el-image { border-radius: 33px; }\\n}\",\"image\":\"wp-content\\\/uploads\\\/2024\\\/09\\\/tkt_img2.jpg\",\"image_loading\":true,\"image_svg_color\":\"emphasis\",\"image_width\":\"253\",\"margin\":\"default\",\"parallax_easing\":\"0\",\"parallax_target\":\"!.tm-grid-expand\",\"parallax_y\":\"0,-12vh\",\"text_align\":\"center\",\"visibility\":\"l\"}}]},{\"type\":\"column\",\"props\":{\"image_position\":\"center-center\",\"position_sticky\":\"row\",\"position_sticky_breakpoint\":\"\",\"position_sticky_offset\":\"50vh - 50%\",\"width_default\":\"1-3\",\"width_large\":\"1-5\"},\"children\":[{\"type\":\"image\",\"props\":{\"animation\":\"parallax\",\"css\":\".el-image {\\n    backdrop-filter: blur(7px);\\n    -webkit-backdrop-filter: blur(7px);\\n    border-radius: 16px;\\n}\\n\\n@media(min-width: 640px) and (max-width: 1299px) {\\n    .el-image { border-radius: 24px; }\\n}\\n\\n@media (min-width: 1300px) {\\n    .el-image { border-radius: 33px; }\\n}\",\"image\":\"wp-content\\\/uploads\\\/2024\\\/09\\\/tkt_img4.jpg\",\"image_loading\":true,\"image_svg_color\":\"emphasis\",\"image_width\":\"253\",\"margin\":\"default\",\"parallax_easing\":\"0\",\"parallax_target\":\"!.tm-grid-expand\",\"parallax_y\":\"0,12vh\",\"text_align\":\"center\",\"text_align_breakpoint\":\"l\",\"text_align_fallback\":\"right\"}}]},{\"type\":\"column\",\"props\":{\"css\":\".el-column { z-index: 0; }\",\"image_position\":\"center-center\",\"position_sticky\":\"row\",\"position_sticky_breakpoint\":\"\",\"position_sticky_offset\":\"50vh - 50%\",\"width_default\":\"1-3\",\"width_large\":\"1-5\"},\"children\":[{\"type\":\"image\",\"props\":{\"animation\":\"parallax\",\"css\":\".el-image {\\n    backdrop-filter: blur(7px);\\n    -webkit-backdrop-filter: blur(7px);\\n    border-radius: 16px;\\n}\\n\\n@media(min-width: 640px) and (max-width: 1299px) {\\n    .el-image { border-radius: 24px; }\\n}\\n\\n@media (min-width: 1300px) {\\n    .el-image { border-radius: 33px; }\\n}\",\"image\":\"wp-content\\\/uploads\\\/2024\\\/09\\\/tkt_img1.jpg\",\"image_loading\":true,\"image_svg_color\":\"emphasis\",\"image_width\":\"253\",\"margin\":\"default\",\"parallax_easing\":\"0\",\"parallax_target\":\"!.tm-grid-expand\",\"parallax_y\":\"0,-12vh\",\"position\":\"relative\",\"position_z_index\":\"1\",\"text_align\":\"center\"}},{\"type\":\"image\",\"props\":{\"animation\":\"parallax\",\"css\":\".el-element {\\n    display: inline-block;\\n    width: auto;\\n    max-width: none;\\n    translate: -50% -50%;\\n}\\n\\n.el-image {\\n    max-width: 100vw;\\n}\",\"image\":\"wp-content\\\/uploads\\\/yootheme\\\/swirl-bg.svg\",\"image_height\":\"745\",\"image_loading\":true,\"image_svg_color\":\"emphasis\",\"image_width\":\"745\",\"margin\":\"default\",\"parallax_easing\":\"0\",\"parallax_rotate\":\"0,360\",\"parallax_target\":\"!.tm-grid-expand>*\",\"position\":\"absolute\",\"position_left\":\"50%\",\"position_top\":\"50%\"}}]},{\"type\":\"column\",\"props\":{\"image_position\":\"center-center\",\"position_sticky\":\"row\",\"position_sticky_breakpoint\":\"\",\"position_sticky_offset\":\"50vh - 50%\",\"width_default\":\"1-3\",\"width_large\":\"1-5\"},\"children\":[{\"type\":\"image\",\"props\":{\"animation\":\"parallax\",\"css\":\".el-image {\\n    backdrop-filter: blur(7px);\\n    -webkit-backdrop-filter: blur(7px);\\n    border-radius: 16px;\\n}\\n\\n@media(min-width: 640px) and (max-width: 1299px) {\\n    .el-image { border-radius: 24px; }\\n}\\n\\n@media (min-width: 1300px) {\\n    .el-image { border-radius: 33px; }\\n}\",\"image\":\"wp-content\\\/uploads\\\/2024\\\/09\\\/tkt_img3.jpg\",\"image_loading\":true,\"image_svg_color\":\"emphasis\",\"image_width\":\"253\",\"margin\":\"default\",\"parallax_easing\":\"0\",\"parallax_target\":\"!.tm-grid-expand\",\"parallax_y\":\"0,12vh\",\"text_align\":\"center\",\"text_align_breakpoint\":\"l\",\"text_align_fallback\":\"left\"}}]},{\"type\":\"column\",\"props\":{\"image_position\":\"center-center\",\"position_sticky\":\"row\",\"position_sticky_breakpoint\":\"\",\"position_sticky_offset\":\"50vh - 50%\",\"width_default\":\"expand\",\"width_large\":\"1-5\"},\"children\":[{\"type\":\"image\",\"props\":{\"animation\":\"parallax\",\"css\":\".el-image {\\n    backdrop-filter: blur(7px);\\n    -webkit-backdrop-filter: blur(7px);\\n    border-radius: 16px;\\n}\\n\\n@media(min-width: 640px) and (max-width: 1299px) {\\n    .el-image { border-radius: 24px; }\\n}\\n\\n@media (min-width: 1300px) {\\n    .el-image { border-radius: 33px; }\\n}\",\"image\":\"wp-content\\\/uploads\\\/2024\\\/09\\\/tkt_img6.jpg\",\"image_loading\":true,\"image_svg_color\":\"emphasis\",\"image_width\":\"253\",\"margin\":\"default\",\"parallax_easing\":\"0\",\"parallax_target\":\"!.tm-grid-expand\",\"parallax_y\":\"0,-12vh\",\"text_align\":\"center\",\"visibility\":\"l\"}}]}]}],\"name\":\"Hero\"},{\"type\":\"section\",\"props\":{\"image_position\":\"center-center\",\"style\":\"default\",\"title_breakpoint\":\"xl\",\"title_position\":\"top-left\",\"title_rotation\":\"left\",\"vertical_align\":\"middle\",\"width\":\"default\"},\"children\":[{\"type\":\"row\",\"children\":[{\"type\":\"column\",\"props\":{\"image_position\":\"center-center\",\"position_sticky_breakpoint\":\"m\",\"style\":\"card-primary\"},\"children\":[{\"type\":\"text\",\"props\":{\"column_breakpoint\":\"m\",\"content\":\"[wpforms id=\\\"2284\\\"]\",\"margin\":\"default\",\"text_align\":\"left\"}}]}],\"props\":{\"alignment\":\"center\",\"width\":\"large\"}}]}],\"version\":\"4.4.5\"} --><\/p>\n","protected":false},"excerpt":{"rendered":"<p>R\u00e9servez votre s\u00e9ance Choisissez la date et le cin\u00e9ma, votre r\u00e9servation sera valid\u00e9e par retour de mail. Dossier p\u00e9dagogique &#8211; Intro Visionnez le film avant de r\u00e9server vos s\u00e9ances scolaires<\/p>\n","protected":false},"author":1,"featured_media":0,"parent":0,"menu_order":10,"comment_status":"open","ping_status":"closed","template":"","meta":{"_acf_changed":false,"footnotes":""},"class_list":["post-19","page","type-page","status-publish","hentry"],"acf":[],"_links":{"self":[{"href":"https:\/\/www.seancesscolaires.be\/tkt\/wp-json\/wp\/v2\/pages\/19","targetHints":{"allow":["GET"]}}],"collection":[{"href":"https:\/\/www.seancesscolaires.be\/tkt\/wp-json\/wp\/v2\/pages"}],"about":[{"href":"https:\/\/www.seancesscolaires.be\/tkt\/wp-json\/wp\/v2\/types\/page"}],"author":[{"embeddable":true,"href":"https:\/\/www.seancesscolaires.be\/tkt\/wp-json\/wp\/v2\/users\/1"}],"replies":[{"embeddable":true,"href":"https:\/\/www.seancesscolaires.be\/tkt\/wp-json\/wp\/v2\/comments?post=19"}],"version-history":[{"count":27,"href":"https:\/\/www.seancesscolaires.be\/tkt\/wp-json\/wp\/v2\/pages\/19\/revisions"}],"predecessor-version":[{"id":2503,"href":"https:\/\/www.seancesscolaires.be\/tkt\/wp-json\/wp\/v2\/pages\/19\/revisions\/2503"}],"wp:attachment":[{"href":"https:\/\/www.seancesscolaires.be\/tkt\/wp-json\/wp\/v2\/media?parent=19"}],"curies":[{"name":"wp","href":"https:\/\/api.w.org\/{rel}","templated":true}]}}