{"id":3,"date":"2019-09-05T08:43:55","date_gmt":"2019-09-05T08:43:55","guid":{"rendered":"http:\/\/www.tkt-seancesscolaires.be\/?p=3"},"modified":"2024-10-28T15:39:04","modified_gmt":"2024-10-28T15:39:04","slug":"liens-contacts-utiles","status":"publish","type":"page","link":"https:\/\/www.seancesscolaires.be\/tkt\/liens-contacts-utiles\/","title":{"rendered":"Liens et contacts utiles"},"content":{"rendered":"<h1>Liens utiles<\/h1>\n<ul>\n<li>\n<p>        <img decoding=\"async\" src=\"\/wp-content\/uploads\/2024\/10\/logo_orange.jpg\" alt=\"\"><\/p>\n<p><a href=\"https:\/\/corporate.orange.be\/fr\/responsabilit%C3%A9-soci%C3%A9tale\/digital-pour-tous\/for-good-connections\"><\/a><\/p>\n<\/li>\n<li>\n<p>        <img decoding=\"async\" src=\"\/wp-content\/uploads\/2024\/09\/logo_corpsacoeur.jpg\" alt=\"\"><\/p>\n<p><a href=\"https:\/\/corpsatcoeur.be\/\"><\/a><\/p>\n<\/li>\n<li>\n<p>        <img decoding=\"async\" src=\"\/wp-content\/uploads\/2024\/09\/logo_sorsdetabulle.jpg\" alt=\"\"><\/p>\n<p><a href=\"https:\/\/www.sorsdetabulle-be.com\/\"><\/a><\/p>\n<\/li>\n<li>\n<p>        <img decoding=\"async\" src=\"\/wp-content\/uploads\/2024\/09\/inforjeunes.jpg\" alt=\"\"><\/p>\n<p><a href=\"https:\/\/inforjeunes.be\/\"><\/a><\/p>\n<\/li>\n<li>\n<p>        <img decoding=\"async\" src=\"\/wp-content\/uploads\/2024\/09\/lescolibrisenharmonie.jpg\" alt=\"\"><\/p>\n<p><a href=\"https:\/\/colibrisenharmonie.be\/\"><\/a><\/p>\n<\/li>\n<li>\n<p>        <img decoding=\"async\" src=\"\/wp-content\/uploads\/2024\/09\/childfocus.jpg\" alt=\"\"><\/p>\n<p><a href=\"https:\/\/childfocus.be\/fr-be\/\"><\/a><\/p>\n<\/li>\n<li>\n<p>        <img decoding=\"async\" src=\"\/wp-content\/uploads\/2024\/09\/103.jpg\" alt=\"\"><\/p>\n<p><a href=\"https:\/\/www.103ecoute.be\/\"><\/a><\/p>\n<\/li>\n<li>\n<p>        <img decoding=\"async\" src=\"\/wp-content\/uploads\/2024\/09\/lesmotsdetom.jpg\" alt=\"\"><\/p>\n<p><a href=\"https:\/\/www.lesmotsdetom.be\/\"><\/a><\/p>\n<\/li>\n<li>\n<p>        <img decoding=\"async\" src=\"\/wp-content\/uploads\/2024\/09\/resis.jpg\" alt=\"\"><\/p>\n<p><a href=\"https:\/\/www.centreresis.org\/\"><\/a><\/p>\n<\/li>\n<li>\n<p>        <img decoding=\"async\" src=\"\/wp-content\/uploads\/2024\/09\/logo_ecoute_ecole.jpg\" alt=\"\"><\/p>\n<p><a href=\"http:\/\/www.enseignement.be\/index.php?page=26720&#038;navi=3062\"><\/a><\/p>\n<\/li>\n<li>\n<p>        <img decoding=\"async\" src=\"\/wp-content\/uploads\/2024\/09\/crih.jpg\" alt=\"\"><\/p>\n<p><a href=\"https:\/\/www.facebook.com\/crih.hainaut\/?locale=fr_FR\"><\/a><\/p>\n<\/li>\n<\/ul>\n<h2>Orange est co-producteur de TKT mais pas seulement<\/h2>\n<div>\n<p>En droite ligne avec sa raison d&#8217;\u00eatre de donner \u00e0 chacune et \u00e0 chacun les cl\u00e9s d\u2019un monde num\u00e9rique responsable, Orange Belgium s\u2019engage pour la <strong>protection de la jeunesse contre les d\u00e9rives du digital<\/strong>.<\/p>\n<p><strong>L\u2019op\u00e9rateur d\u00e9ploie une s\u00e9rie d&#8217;actions pr\u00e9ventives et \u00e9ducatives<\/strong> pour aider les enfants et leurs parents \u00e0 adopter de <strong>bonnes pratiques en mati\u00e8re digitale<\/strong>. Orange Belgium soutient notamment l\u2019asbl Sors de ta Bulle dans l\u2019organisation de <strong>50 conf\u00e9rences d\u00e9bat<\/strong> dans des \u00e9coles secondaires pour toucher plus de 2500 jeunes. L\u2019objectif \u00e9tant de lib\u00e9rer et d\u2019encourager la prise de la parole sur le cyberharc\u00e8lement qui cible 1 jeune sur 6 en Belgique.<\/p>\n<\/div>\n<p>\n    <a href=\"https:\/\/corporate.orange.be\/fr\/responsabilit%C3%A9-soci%C3%A9tale\/digital-pour-tous\/for-good-connections\">En savoir plus<\/a>\n<\/p>\n<h2>Contacts et nume\u0301ros utiles<\/h2>\n<div>\n<p>Si vous vivez ou \u00eates t\u00e9moin d&#8217;une situation de harc\u00e8lement scolaire, il est crucial de ne pas rester seul. Diffe\u0301rentes structures peuvent vous aider : <\/p>\n<\/div>\n<ul>\n<li>\n<h3>Corps \u00e0 c\u0153ur<\/h3>\n<p><a href=\"https:\/\/corpsatcoeur.be\/\" target=\"_blank\"> https:\/\/corpsatcoeur.be\/<\/a><\/p>\n<\/li>\n<li>\n<h3>Sors de ta bulle<\/h3>\n<p><a href=\"https:\/\/www.sorsdetabulle-be.com\/\" target=\"_blank\"> https:\/\/www.sorsdetabulle-be.com\/<\/a><\/p>\n<\/li>\n<li>\n<h3>103<\/h3>\n<p>(e\u0301coute enfants) offre une \u00e9coute anonyme et gratuite, 7 jours sur 7, de 10 h \u00e0 minuit <\/p>\n<\/li>\n<li>\n<h3>La ligne d\u2019aide de childfocus <\/h3>\n<p>116 000, offre une e\u0301coute gratuite 7 jours sur 7, 24\/24<\/p>\n<\/li>\n<li>\n<h3>Centre de pre\u0301vention du suicide <\/h3>\n<p>nume\u0301ro gratuit 24\/24 : 0800 32 123<\/p>\n<\/li>\n<li>\n<h3>Infor jeunes \u2013 Service H \u2013 Bruxelles <\/h3>\n<p><a href=\"https:\/\/ijbxl.be\/service-de-lutte-contre-le-harcelement-scolaire \" target=\"_blank\">https:\/\/ijbxl.be\/service-de-lutte-contre-le-harcelement-scolaire<\/a><\/p>\n<\/li>\n<li>\n<h3>Centre Re\u0301sis \u2013 Belgique <\/h3>\n<p><a href=\"https:\/\/www.centreresis.org\" target=\"_blank\">https:\/\/www.centreresis.org<\/a><\/p>\n<\/li>\n<li>\n<h3>ASBL \u00ab Les mots de Tom \u00bb<\/h3>\n<p>dont l\u2019objectif est de sensibiliser, e\u0301couter, apporter des pistes de re\u0301flexion et servir de plateforme d\u2019e\u0301changes entre tous :  0479 85 93 20 \u2013 0492 47 03 89 \u2013 <a href=\"mailto:info@lesmotsdetom.be\" target=\"_blank\">Contact<\/a> <\/p>\n<\/li>\n<li>\n<h3>CRIH<\/h3>\n<p>(Le centre de re\u0301fe\u0301rence et d\u2019intervention harce\u0300lement) : actuellement localis\u00e9 dans une trentaine de communes du Hainaut. Son  objectif est de proposer un lieu centralise\u0301 au sein duquel une e\u0301quipe pluridisciplinaire spe\u0301cialise\u0301e offre aide et accompagnement a\u0300 toute personne confronte\u0301e a\u0300 une situation de harce\u0300lement des jeunes. Leurs services sont gratuits, tant pour les e\u0301coles que pour le public et il travaille selon des axes de prise en charge, de soutien et d\u2019accompagnement et, bien su\u0302r, de pre\u0301vention.<\/p>\n<\/li>\n<li>\n<h3>\u00c9coute \u00c9cole<\/h3>\n<p>mis en place par la Direction ge\u0301ne\u0301rale de l\u2019Enseignement obligatoire pour informer les adultes qui sont te\u0301moins ou victimes de violence scolaire. Nume\u0301ro d\u2019appel gratuit depuis la Belgique et accessible du lundi au vendredi de 9 h a\u0300 16 h : 0800 95 580 (nume\u0301ro vert)<\/p>\n<\/li>\n<li>\n<h3>Les colibris en harmonie (ASBL), <\/h3>\n<p>dont le projet \u00ab Stop au harce\u0300lement \u00bb a pour but de sensibiliser jeunes et adultes a\u0300 la proble\u0301matique du harce\u0300lement scolaire, et de soutenir les victimes de harce\u0300lement scolaire :  Informations sur <a href=\"https:\/\/colibrisenharmonie.be\/\" target=\"_blank\">https:\/\/colibrisenharmonie.be\/<\/a>  ou <a href=\"mailto:info@colibrisenharmonie.be\" target=\"_blank\">info@colibrisenharmonie<\/a>.be  <\/p>\n<\/li>\n<\/ul>\n<h2>Liens utiles<\/h2>\n<table>\n<tbody>\n<tr>\n<td>Site enseignement.be de la f\u00e9d\u00e9ration Wallonie Bruxelles : <\/td>\n<td>\n        <a href=\"http:\/\/www.enseignement.be\/index.php?page=0&#038;navi=3613\">Vers le site<\/a>\n    <\/td>\n<\/tr>\n<tr>\n<td>Le site victime.be de la F\u00e9d\u00e9ration Wallonie Bruxelles : <\/td>\n<td>\n        <a href=\"https:\/\/victimes.cfwb.be\/vous-etes-victime-de\/cyberharcelement\/\">Vers le site<\/a>\n    <\/td>\n<\/tr>\n<tr>\n<td>Le site Service-Public.fr de l\u2019administration fran\u00e7aise : <\/td>\n<td>\n        <a href=\"https:\/\/www.service-public.fr\/particuliers\/vosdroits\/F31985#:~:text=Un%20%C3%A9l%C3%A8ve%20est%20victime%20de,%2C%20des%20coups%2C%20des%20vols\">Vers le site<\/a>\n    <\/td>\n<\/tr>\n<tr>\n<td>Le dossier cyberharc\u00e8lement du site officiel du Grand Duch\u00e9 du Luxembourg : <\/td>\n<td>\n        <a href=\"https:\/\/www.bee-secure.lu\/fr\/risks\/cyberharcelement\/\">Vers le site<\/a>\n    <\/td>\n<\/tr>\n<tr>\n<td>UNICEF : <\/td>\n<td>\n        <a href=\"https:\/\/www.unicef.org\/parenting\/fr\/soins-attentifs\/parler-du-harcelement-a-votre-enfant#faire-face\">Vers le site<\/a>\n    <\/td>\n<\/tr>\n<tr>\n<td>La clinique e-sant\u00e9 : <\/td>\n<td>\n        <a href=\"https:\/\/www.la-clinique-e-sante.com\/blog\/traumatismes\/harcelement-scolaire-formes\">Vers le site<\/a>\n    <\/td>\n<\/tr>\n<tr>\n<td>Couples et familles : <\/td>\n<td>\n        <a href=\"https:\/\/www.couplesfamilles.be\/index.php?option=com_content&#038;view=article&#038;id=199:le-harcelement-en-milieu-scolaire-comprendre-et-reagir&#038;catid=6:analyses-et-reflexions&#038;Itemid=9\">Vers le site<\/a>\n    <\/td>\n<\/tr>\n<\/tbody>\n<\/table>\n<p><!--more--><br \/>\n<!-- {\"type\":\"layout\",\"children\":[{\"type\":\"section\",\"props\":{\"animation\":\"slide-bottom-small\",\"image_position\":\"center-center\",\"padding\":\"large\",\"padding_remove_bottom\":true,\"style\":\"default\",\"title_breakpoint\":\"xl\",\"title_position\":\"top-left\",\"title_rotation\":\"left\",\"vertical_align\":\"\",\"width\":\"\"},\"children\":[{\"type\":\"row\",\"props\":{\"width\":\"default\"},\"children\":[{\"type\":\"column\",\"props\":{\"image_position\":\"center-center\",\"position_sticky_breakpoint\":\"m\"},\"children\":[{\"type\":\"headline\",\"props\":{\"content\":\"Liens utiles\",\"text_align\":\"center\",\"title_element\":\"h1\",\"title_style\":\"heading-medium\"},\"modified\":\"2021-08-23T12:54:01.320Z\"}]}]},{\"type\":\"row\",\"props\":{\"margin\":\"xlarge\"},\"children\":[{\"type\":\"column\",\"props\":{\"image_position\":\"center-center\",\"position_sticky_breakpoint\":\"m\"},\"children\":[{\"type\":\"overlay-slider\",\"props\":{\"image_height\":\"250\",\"link_style\":\"default\",\"link_target\":true,\"link_text\":\"\",\"margin\":\"default\",\"meta_align\":\"below-title\",\"meta_element\":\"div\",\"meta_style\":\"text-meta\",\"nav\":\"\",\"nav_align\":\"center\",\"nav_breakpoint\":\"s\",\"overlay_link\":true,\"overlay_mode\":\"cover\",\"overlay_position\":\"center\",\"overlay_transition\":\"fade\",\"show_content\":true,\"show_hover_image\":true,\"show_hover_video\":true,\"show_link\":true,\"show_meta\":true,\"show_title\":true,\"slidenav\":\"default\",\"slidenav_breakpoint\":\"s\",\"slidenav_margin\":\"medium\",\"slidenav_outside_breakpoint\":\"xl\",\"slider_autoplay\":true,\"slider_autoplay_interval\":\"5\",\"slider_autoplay_pause\":true,\"slider_center\":true,\"slider_gap\":\"small\",\"slider_width\":\"\",\"slider_width_default\":\"1-1\",\"slider_width_medium\":\"1-3\",\"text_align\":\"center\",\"title_element\":\"h3\",\"title_hover_style\":\"reset\"},\"children\":[{\"type\":\"overlay-slider_item\",\"props\":{\"image\":\"wp-content\\\/uploads\\\/2024\\\/10\\\/logo_orange.jpg\",\"link\":\"https:\\\/\\\/corporate.orange.be\\\/fr\\\/responsabilit%C3%A9-soci%C3%A9tale\\\/digital-pour-tous\\\/for-good-connections\"}},{\"type\":\"overlay-slider_item\",\"props\":{\"image\":\"wp-content\\\/uploads\\\/2024\\\/09\\\/logo_corpsacoeur.jpg\",\"link\":\"https:\\\/\\\/corpsatcoeur.be\\\/\"}},{\"type\":\"overlay-slider_item\",\"props\":{\"image\":\"wp-content\\\/uploads\\\/2024\\\/09\\\/logo_sorsdetabulle.jpg\",\"link\":\"https:\\\/\\\/www.sorsdetabulle-be.com\\\/\"}},{\"type\":\"overlay-slider_item\",\"props\":{\"image\":\"wp-content\\\/uploads\\\/2024\\\/09\\\/inforjeunes.jpg\",\"link\":\"https:\\\/\\\/inforjeunes.be\\\/\"}},{\"type\":\"overlay-slider_item\",\"props\":{\"image\":\"wp-content\\\/uploads\\\/2024\\\/09\\\/lescolibrisenharmonie.jpg\",\"link\":\"https:\\\/\\\/colibrisenharmonie.be\\\/\"}},{\"type\":\"overlay-slider_item\",\"props\":{\"image\":\"wp-content\\\/uploads\\\/2024\\\/09\\\/childfocus.jpg\",\"link\":\"https:\\\/\\\/childfocus.be\\\/fr-be\\\/\"}},{\"type\":\"overlay-slider_item\",\"props\":{\"image\":\"wp-content\\\/uploads\\\/2024\\\/09\\\/103.jpg\",\"link\":\"https:\\\/\\\/www.103ecoute.be\\\/\"}},{\"type\":\"overlay-slider_item\",\"props\":{\"image\":\"wp-content\\\/uploads\\\/2024\\\/09\\\/lesmotsdetom.jpg\",\"link\":\"https:\\\/\\\/www.lesmotsdetom.be\\\/\"}},{\"type\":\"overlay-slider_item\",\"props\":{\"image\":\"wp-content\\\/uploads\\\/2024\\\/09\\\/resis.jpg\",\"link\":\"https:\\\/\\\/www.centreresis.org\\\/\"}},{\"type\":\"overlay-slider_item\",\"props\":{\"image\":\"wp-content\\\/uploads\\\/2024\\\/09\\\/logo_ecoute_ecole.jpg\",\"link\":\"http:\\\/\\\/www.enseignement.be\\\/index.php?page=26720&navi=3062\"}},{\"type\":\"overlay-slider_item\",\"props\":{\"image\":\"wp-content\\\/uploads\\\/2024\\\/09\\\/crih.jpg\",\"link\":\"https:\\\/\\\/www.facebook.com\\\/crih.hainaut\\\/?locale=fr_FR\"}}]}]}]},{\"type\":\"row\",\"children\":[{\"type\":\"column\",\"props\":{\"image_position\":\"center-center\",\"position_sticky_breakpoint\":\"m\"},\"children\":[{\"type\":\"headline\",\"props\":{\"animation\":\"none\",\"content\":\"Orange est co-producteur de TKT mais pas seulement\",\"title_element\":\"h2\"}},{\"type\":\"text\",\"props\":{\"animation\":\"none\",\"column_breakpoint\":\"m\",\"content\":\"\n\n<p>En droite ligne avec sa raison d'\\u00eatre de donner \\u00e0 chacune et \\u00e0 chacun les cl\\u00e9s d\\u2019un monde num\\u00e9rique responsable, Orange Belgium s\\u2019engage pour la <strong>protection de la jeunesse contre les d\\u00e9rives du digital<\\\/strong>.<\\\/p>\\n\n\n<p><strong>L\\u2019op\\u00e9rateur d\\u00e9ploie une s\\u00e9rie d'actions pr\\u00e9ventives et \\u00e9ducatives<\\\/strong> pour aider les enfants et leurs parents \\u00e0 adopter de <strong>bonnes pratiques en mati\\u00e8re digitale<\\\/strong>. Orange Belgium soutient notamment l\\u2019asbl Sors de ta Bulle dans l\\u2019organisation de <strong>50 conf\\u00e9rences d\\u00e9bat<\\\/strong> dans des \\u00e9coles secondaires pour toucher plus de 2500 jeunes. L\\u2019objectif \\u00e9tant de lib\\u00e9rer et d\\u2019encourager la prise de la parole sur le cyberharc\\u00e8lement qui cible 1 jeune sur 6 en Belgique.<\\\/p>\",\"margin\":\"default\"}},{\"type\":\"button\",\"props\":{\"grid_column_gap\":\"small\",\"grid_row_gap\":\"small\",\"margin\":\"default\"},\"children\":[{\"type\":\"button_item\",\"props\":{\"button_style\":\"default\",\"content\":\"En savoir plus\",\"icon_align\":\"left\",\"link\":\"https:\\\/\\\/corporate.orange.be\\\/fr\\\/responsabilit%C3%A9-soci%C3%A9tale\\\/digital-pour-tous\\\/for-good-connections\"}}]}]}],\"props\":{\"width\":\"xsmall\"}},{\"type\":\"row\",\"children\":[{\"type\":\"column\",\"props\":{\"image_position\":\"center-center\",\"position_sticky_breakpoint\":\"m\"},\"children\":[{\"type\":\"headline\",\"props\":{\"animation\":\"none\",\"content\":\"Contacts et nume\\u0301ros utiles\",\"title_element\":\"h2\"}},{\"type\":\"text\",\"props\":{\"animation\":\"none\",\"column_breakpoint\":\"m\",\"content\":\"\n\n<p>Si vous vivez ou \\u00eates t\\u00e9moin d'une situation de harc\\u00e8lement scolaire, il est crucial de ne pas rester seul. Diffe\\u0301rentes structures peuvent vous aider : <\\\/p>\",\"margin\":\"default\"}},{\"type\":\"description_list\",\"props\":{\"column_breakpoint\":\"m\",\"layout\":\"grid-2\",\"list_element\":\"ul\",\"meta_align\":\"below-title\",\"meta_style\":\"text-meta\",\"show_content\":true,\"show_link\":true,\"show_meta\":true,\"show_title\":true,\"title_element\":\"div\",\"title_grid_column_gap\":\"small\",\"title_grid_row_gap\":\"small\",\"title_grid_width\":\"auto\",\"title_style\":\"text-lead\"},\"children\":[{\"type\":\"description_list_item\",\"props\":{\"content\":\"\",\"meta\":\"<a href=\\\"https:\\\/\\\/corpsatcoeur.be\\\/\\\" target=\\\"_blank\\\"> https:\\\/\\\/corpsatcoeur.be\\\/<\\\/a>\",\"title\":\"Corps \\u00e0 c\\u0153ur\"}},{\"type\":\"description_list_item\",\"props\":{\"content\":\"\",\"meta\":\"<a href=\\\"https:\\\/\\\/www.sorsdetabulle-be.com\\\/\\\" target=\\\"_blank\\\"> https:\\\/\\\/www.sorsdetabulle-be.com\\\/<\\\/a>\",\"title\":\"Sors de ta bulle\"}},{\"type\":\"description_list_item\",\"props\":{\"content\":\"\",\"meta\":\"(e\\u0301coute enfants) offre une \\u00e9coute anonyme et gratuite, 7 jours sur 7, de 10 h \\u00e0 minuit \",\"title\":\"103\"}},{\"type\":\"description_list_item\",\"props\":{\"meta\":\"116 000, offre une e\\u0301coute gratuite 7 jours sur 7, 24\\\/24\",\"title\":\"La ligne d\\u2019aide de childfocus \"}},{\"type\":\"description_list_item\",\"props\":{\"meta\":\"nume\\u0301ro gratuit 24\\\/24 : 0800 32 123\",\"title\":\"Centre de pre\\u0301vention du suicide \"}},{\"type\":\"description_list_item\",\"props\":{\"meta\":\"<a href=\\\"https:\\\/\\\/ijbxl.be\\\/service-de-lutte-contre-le-harcelement-scolaire \\\" target=\\\"_blank\\\">https:\\\/\\\/ijbxl.be\\\/service-de-lutte-contre-le-harcelement-scolaire<\\\/a>\",\"title\":\"Infor jeunes \\u2013 Service H \\u2013 Bruxelles \"}},{\"type\":\"description_list_item\",\"props\":{\"meta\":\"<a href=\\\"https:\\\/\\\/www.centreresis.org\\\" target=\\\"_blank\\\">https:\\\/\\\/www.centreresis.org<\\\/a>\",\"title\":\"Centre Re\\u0301sis \\u2013 Belgique \"}},{\"type\":\"description_list_item\",\"props\":{\"meta\":\"dont l\\u2019objectif est de sensibiliser, e\\u0301couter, apporter des pistes de re\\u0301flexion et servir de plateforme d\\u2019e\\u0301changes entre tous :  0479 85 93 20 \\u2013 0492 47 03 89 \\u2013 <a href=\\\"mailto:info@lesmotsdetom.be\\\" target=\\\"_blank\\\">Contact<\\\/a> \",\"title\":\"ASBL \\u00ab Les mots de Tom \\u00bb\"}},{\"type\":\"description_list_item\",\"props\":{\"meta\":\"(Le centre de re\\u0301fe\\u0301rence et d\\u2019intervention harce\\u0300lement) : actuellement localis\\u00e9 dans une trentaine de communes du Hainaut. Son  objectif est de proposer un lieu centralise\\u0301 au sein duquel une e\\u0301quipe pluridisciplinaire spe\\u0301cialise\\u0301e offre aide et accompagnement a\\u0300 toute personne confronte\\u0301e a\\u0300 une situation de harce\\u0300lement des jeunes. Leurs services sont gratuits, tant pour les e\\u0301coles que pour le public et il travaille selon des axes de prise en charge, de soutien et d\\u2019accompagnement et, bien su\\u0302r, de pre\\u0301vention.\",\"title\":\"CRIH\"}},{\"type\":\"description_list_item\",\"props\":{\"meta\":\"mis en place par la Direction ge\\u0301ne\\u0301rale de l\\u2019Enseignement obligatoire pour informer les adultes qui sont te\\u0301moins ou victimes de violence scolaire. Nume\\u0301ro d\\u2019appel gratuit depuis la Belgique et accessible du lundi au vendredi de 9 h a\\u0300 16 h : 0800 95 580 (nume\\u0301ro vert)\",\"title\":\"\\u00c9coute \\u00c9cole\"}},{\"type\":\"description_list_item\",\"props\":{\"meta\":\"dont le projet \\u00ab Stop au harce\\u0300lement \\u00bb a pour but de sensibiliser jeunes et adultes a\\u0300 la proble\\u0301matique du harce\\u0300lement scolaire, et de soutenir les victimes de harce\\u0300lement scolaire :  Informations sur <a href=\\\"https:\\\/\\\/colibrisenharmonie.be\\\/\\\" target=\\\"_blank\\\">https:\\\/\\\/colibrisenharmonie.be\\\/<\\\/a>  ou <a href=\\\"mailto:info@colibrisenharmonie.be\\\" target=\\\"_blank\\\">info@colibrisenharmonie<\\\/a>.be  \",\"title\":\"Les colibris en harmonie (ASBL), \"}}]},{\"type\":\"headline\",\"props\":{\"animation\":\"none\",\"content\":\"Liens utiles\",\"margin\":\"large\",\"margin_remove_bottom\":true,\"title_element\":\"h2\"}},{\"type\":\"table\",\"props\":{\"animation\":\"none\",\"image_svg_color\":\"emphasis\",\"link_style\":\"primary\",\"link_target\":true,\"link_text\":\"Vers le site\",\"margin\":\"default\",\"meta_style\":\"text-meta\",\"show_content\":true,\"show_image\":true,\"show_link\":true,\"show_meta\":true,\"show_title\":true,\"table_justify\":true,\"table_order\":\"1\",\"table_responsive\":\"overflow\",\"table_style\":\"divider\",\"table_vertical_align\":true,\"table_width_content\":\"small\",\"table_width_meta\":\"shrink\",\"table_width_title\":\"\",\"title_style\":\"h5\"},\"children\":[{\"type\":\"table_item\",\"props\":{\"content\":\"\",\"link\":\"http:\\\/\\\/www.enseignement.be\\\/index.php?page=0&navi=3613\",\"title\":\"Site enseignement.be de la f\\u00e9d\\u00e9ration Wallonie Bruxelles : \"}},{\"type\":\"table_item\",\"props\":{\"content\":\"\",\"link\":\"https:\\\/\\\/victimes.cfwb.be\\\/vous-etes-victime-de\\\/cyberharcelement\\\/\",\"title\":\"Le site victime.be de la F\\u00e9d\\u00e9ration Wallonie Bruxelles : \"}},{\"type\":\"table_item\",\"props\":{\"content\":\"\",\"link\":\"https:\\\/\\\/www.service-public.fr\\\/particuliers\\\/vosdroits\\\/F31985#:~:text=Un%20%C3%A9l%C3%A8ve%20est%20victime%20de,%2C%20des%20coups%2C%20des%20vols\",\"title\":\"Le site Service-Public.fr de l\\u2019administration fran\\u00e7aise : \"}},{\"type\":\"table_item\",\"props\":{\"content\":\"\",\"link\":\"https:\\\/\\\/www.bee-secure.lu\\\/fr\\\/risks\\\/cyberharcelement\\\/\",\"title\":\"Le dossier cyberharc\\u00e8lement du site officiel du Grand Duch\\u00e9 du Luxembourg : \"}},{\"type\":\"table_item\",\"props\":{\"content\":\"\",\"link\":\"https:\\\/\\\/www.unicef.org\\\/parenting\\\/fr\\\/soins-attentifs\\\/parler-du-harcelement-a-votre-enfant#faire-face\",\"title\":\"UNICEF : \"}},{\"type\":\"table_item\",\"props\":{\"content\":\"\",\"link\":\"https:\\\/\\\/www.la-clinique-e-sante.com\\\/blog\\\/traumatismes\\\/harcelement-scolaire-formes\",\"title\":\"La clinique e-sant\\u00e9 : \"}},{\"type\":\"table_item\",\"props\":{\"content\":\"\",\"link\":\"https:\\\/\\\/www.couplesfamilles.be\\\/index.php?option=com_content&view=article&id=199:le-harcelement-en-milieu-scolaire-comprendre-et-reagir&catid=6:analyses-et-reflexions&Itemid=9\",\"title\":\"Couples et familles : \"}}]}]}],\"props\":{\"width\":\"xsmall\"}}],\"name\":\"Careers\"}],\"version\":\"4.4.5\"} --><\/p>\n","protected":false},"excerpt":{"rendered":"<p>Liens utiles Orange est co-producteur de TKT mais pas seulement En droite ligne avec sa raison d&#8217;\u00eatre de donner \u00e0 chacune et \u00e0 chacun les cl\u00e9s d\u2019un monde num\u00e9rique responsable, Orange Belgium s\u2019engage pour la protection de la jeunesse contre les d\u00e9rives du digital. L\u2019op\u00e9rateur d\u00e9ploie une s\u00e9rie d&#8217;actions pr\u00e9ventives et \u00e9ducatives pour aider les [&hellip;]<\/p>\n","protected":false},"author":1,"featured_media":0,"parent":0,"menu_order":12,"comment_status":"open","ping_status":"closed","template":"","meta":{"_acf_changed":false,"footnotes":""},"class_list":["post-3","page","type-page","status-publish","hentry"],"acf":[],"_links":{"self":[{"href":"https:\/\/www.seancesscolaires.be\/tkt\/wp-json\/wp\/v2\/pages\/3","targetHints":{"allow":["GET"]}}],"collection":[{"href":"https:\/\/www.seancesscolaires.be\/tkt\/wp-json\/wp\/v2\/pages"}],"about":[{"href":"https:\/\/www.seancesscolaires.be\/tkt\/wp-json\/wp\/v2\/types\/page"}],"author":[{"embeddable":true,"href":"https:\/\/www.seancesscolaires.be\/tkt\/wp-json\/wp\/v2\/users\/1"}],"replies":[{"embeddable":true,"href":"https:\/\/www.seancesscolaires.be\/tkt\/wp-json\/wp\/v2\/comments?post=3"}],"version-history":[{"count":40,"href":"https:\/\/www.seancesscolaires.be\/tkt\/wp-json\/wp\/v2\/pages\/3\/revisions"}],"predecessor-version":[{"id":2532,"href":"https:\/\/www.seancesscolaires.be\/tkt\/wp-json\/wp\/v2\/pages\/3\/revisions\/2532"}],"wp:attachment":[{"href":"https:\/\/www.seancesscolaires.be\/tkt\/wp-json\/wp\/v2\/media?parent=3"}],"curies":[{"name":"wp","href":"https:\/\/api.w.org\/{rel}","templated":true}]}}